{"id":1471,"date":"2024-12-11T09:15:11","date_gmt":"2024-12-11T02:15:11","guid":{"rendered":"https:\/\/getrik.com\/?post_type=product&#038;p=1471"},"modified":"2024-12-11T09:31:14","modified_gmt":"2024-12-11T02:31:14","slug":"pr-series","status":"publish","type":"product","link":"https:\/\/getrik.com\/en\/product\/pr-series\/","title":{"rendered":"PR Series"},"content":{"rendered":"","protected":false},"excerpt":{"rendered":"","protected":false},"featured_media":1473,"comment_status":"open","ping_status":"closed","template":"","meta":{"_acf_changed":false},"product_cat":[123],"product_tag":[],"class_list":{"0":"post-1471","1":"product","2":"type-product","3":"status-publish","4":"has-post-thumbnail","6":"product_cat-right-angle-reducer","8":"first","9":"instock","10":"shipping-taxable","11":"product-type-simple"},"acf":[],"yoast_head":"<!-- This site is optimized with the Yoast SEO Premium plugin v19.1 (Yoast SEO v23.9) - https:\/\/yoast.com\/wordpress\/plugins\/seo\/ -->\n<title>Getrik.com<\/title>\n<meta name=\"robots\" content=\"index, follow, max-snippet:-1, max-image-preview:large, max-video-preview:-1\" \/>\n<link rel=\"canonical\" href=\"https:\/\/getrik.com\/en\/wp-json\/wp\/v2\/product\/1471\" \/>\n<meta property=\"og:locale\" content=\"en_US\" \/>\n<meta property=\"og:type\" content=\"article\" \/>\n<meta property=\"og:url\" content=\"https:\/\/getrik.com\/en\/wp-json\/wp\/v2\/product\/1471\" \/>\n<meta property=\"og:site_name\" content=\"Getrik.com\" \/>\n<meta name=\"twitter:card\" content=\"summary_large_image\" \/>\n<script type=\"application\/ld+json\" class=\"yoast-schema-graph\">{\"@context\":\"https:\/\/schema.org\",\"@graph\":[{\"@type\":\"CollectionPage\",\"@id\":null,\"url\":\"\",\"name\":\"\",\"isPartOf\":{\"@id\":\"https:\/\/getrik.com\/#website\"},\"inLanguage\":\"en-US\"},{\"@type\":\"WebSite\",\"@id\":\"https:\/\/getrik.com\/#website\",\"url\":\"https:\/\/getrik.com\/\",\"name\":\"Getrik.com\",\"description\":\"Nh\u00e0 Ph\u00e2n Ph\u1ed1i Ch\u00ednh H\u00e3ng \u0110\u1ed9ng C\u01a1 Moons, Ras Reducer &amp; Laymac Bowl Feeder. Ch\u00fang t\u00f4i t\u1ef1 h\u00e0o l\u00e0 nh\u00e0 ph\u00e2n ph\u1ed1i ch\u00ednh th\u1ee9c c\u00e1c s\u1ea3n ph\u1ea9m c\u00f4ng nghi\u1ec7p ch\u1ea5t l\u01b0\u1ee3ng cao t\u1eeb c\u00e1c th\u01b0\u01a1ng hi\u1ec7u n\u1ed5i ti\u1ebfng nh\u01b0 Moons, Ras Reducer v\u00e0 Laymac Bowl Feeder. V\u1edbi h\u01a1n [s\u1ed1 n\u0103m kinh nghi\u1ec7m], ch\u00fang t\u00f4i cung c\u1ea5p c\u00e1c gi\u1ea3i ph\u00e1p t\u1ed1i \u01b0u cho nhi\u1ec1u ng\u00e0nh c\u00f4ng nghi\u1ec7p nh\u01b0 t\u1ef1 \u0111\u1ed9ng h\u00f3a, s\u1ea3n xu\u1ea5t, ch\u1ebf t\u1ea1o, robot v\u00e0 h\u01a1n th\u1ebf n\u1eefa.\",\"publisher\":{\"@id\":\"https:\/\/getrik.com\/#organization\"},\"potentialAction\":[{\"@type\":\"SearchAction\",\"target\":{\"@type\":\"EntryPoint\",\"urlTemplate\":\"https:\/\/getrik.com\/?s={search_term_string}\"},\"query-input\":{\"@type\":\"PropertyValueSpecification\",\"valueRequired\":true,\"valueName\":\"search_term_string\"}}],\"inLanguage\":\"en-US\"},{\"@type\":\"Organization\",\"@id\":\"https:\/\/getrik.com\/#organization\",\"name\":\"Getrik.com\",\"url\":\"https:\/\/getrik.com\/\",\"logo\":{\"@type\":\"ImageObject\",\"inLanguage\":\"en-US\",\"@id\":\"https:\/\/getrik.com\/#\/schema\/logo\/image\/\",\"url\":\"https:\/\/getrik.com\/wp-content\/uploads\/2024\/11\/logo-ngang.png\",\"contentUrl\":\"https:\/\/getrik.com\/wp-content\/uploads\/2024\/11\/logo-ngang.png\",\"width\":800,\"height\":236,\"caption\":\"Getrik.com\"},\"image\":{\"@id\":\"https:\/\/getrik.com\/#\/schema\/logo\/image\/\"}}]}<\/script>\n<!-- \/ Yoast SEO Premium plugin. -->","yoast_head_json":{"title":"Getrik.com","robots":{"index":"index","follow":"follow","max-snippet":"max-snippet:-1","max-image-preview":"max-image-preview:large","max-video-preview":"max-video-preview:-1"},"canonical":"https:\/\/getrik.com\/en\/wp-json\/wp\/v2\/product\/1471","og_locale":"en_US","og_type":"article","og_url":"https:\/\/getrik.com\/en\/wp-json\/wp\/v2\/product\/1471","og_site_name":"Getrik.com","twitter_card":"summary_large_image","schema":{"@context":"https:\/\/schema.org","@graph":[{"@type":"CollectionPage","@id":null,"url":"","name":"","isPartOf":{"@id":"https:\/\/getrik.com\/#website"},"inLanguage":"en-US"},{"@type":"WebSite","@id":"https:\/\/getrik.com\/#website","url":"https:\/\/getrik.com\/","name":"Getrik.com","description":"Nh\u00e0 Ph\u00e2n Ph\u1ed1i Ch\u00ednh H\u00e3ng \u0110\u1ed9ng C\u01a1 Moons, Ras Reducer &amp; Laymac Bowl Feeder. Ch\u00fang t\u00f4i t\u1ef1 h\u00e0o l\u00e0 nh\u00e0 ph\u00e2n ph\u1ed1i ch\u00ednh th\u1ee9c c\u00e1c s\u1ea3n ph\u1ea9m c\u00f4ng nghi\u1ec7p ch\u1ea5t l\u01b0\u1ee3ng cao t\u1eeb c\u00e1c th\u01b0\u01a1ng hi\u1ec7u n\u1ed5i ti\u1ebfng nh\u01b0 Moons, Ras Reducer v\u00e0 Laymac Bowl Feeder. V\u1edbi h\u01a1n [s\u1ed1 n\u0103m kinh nghi\u1ec7m], ch\u00fang t\u00f4i cung c\u1ea5p c\u00e1c gi\u1ea3i ph\u00e1p t\u1ed1i \u01b0u cho nhi\u1ec1u ng\u00e0nh c\u00f4ng nghi\u1ec7p nh\u01b0 t\u1ef1 \u0111\u1ed9ng h\u00f3a, s\u1ea3n xu\u1ea5t, ch\u1ebf t\u1ea1o, robot v\u00e0 h\u01a1n th\u1ebf n\u1eefa.","publisher":{"@id":"https:\/\/getrik.com\/#organization"},"potentialAction":[{"@type":"SearchAction","target":{"@type":"EntryPoint","urlTemplate":"https:\/\/getrik.com\/?s={search_term_string}"},"query-input":{"@type":"PropertyValueSpecification","valueRequired":true,"valueName":"search_term_string"}}],"inLanguage":"en-US"},{"@type":"Organization","@id":"https:\/\/getrik.com\/#organization","name":"Getrik.com","url":"https:\/\/getrik.com\/","logo":{"@type":"ImageObject","inLanguage":"en-US","@id":"https:\/\/getrik.com\/#\/schema\/logo\/image\/","url":"https:\/\/getrik.com\/wp-content\/uploads\/2024\/11\/logo-ngang.png","contentUrl":"https:\/\/getrik.com\/wp-content\/uploads\/2024\/11\/logo-ngang.png","width":800,"height":236,"caption":"Getrik.com"},"image":{"@id":"https:\/\/getrik.com\/#\/schema\/logo\/image\/"}}]}},"_links":{"self":[{"href":"https:\/\/getrik.com\/en\/wp-json\/wp\/v2\/product\/1471"}],"collection":[{"href":"https:\/\/getrik.com\/en\/wp-json\/wp\/v2\/product"}],"about":[{"href":"https:\/\/getrik.com\/en\/wp-json\/wp\/v2\/types\/product"}],"replies":[{"embeddable":true,"href":"https:\/\/getrik.com\/en\/wp-json\/wp\/v2\/comments?post=1471"}],"wp:featuredmedia":[{"embeddable":true,"href":"https:\/\/getrik.com\/en\/wp-json\/wp\/v2\/media\/1473"}],"wp:attachment":[{"href":"https:\/\/getrik.com\/en\/wp-json\/wp\/v2\/media?parent=1471"}],"wp:term":[{"taxonomy":"product_cat","embeddable":true,"href":"https:\/\/getrik.com\/en\/wp-json\/wp\/v2\/product_cat?post=1471"},{"taxonomy":"product_tag","embeddable":true,"href":"https:\/\/getrik.com\/en\/wp-json\/wp\/v2\/product_tag?post=1471"}],"curies":[{"name":"wp","href":"https:\/\/api.w.org\/{rel}","templated":true}]}}