{"id":597,"date":"2020-08-27T14:07:24","date_gmt":"2020-08-27T07:07:24","guid":{"rendered":"https:\/\/getrik.com\/?page_id=597"},"modified":"2024-11-19T10:21:55","modified_gmt":"2024-11-19T03:21:55","slug":"lien-he","status":"publish","type":"page","link":"https:\/\/getrik.com\/en\/lien-he\/","title":{"rendered":"Contact us"},"content":{"rendered":"<div class=\"contact-content\">\n<div class=\"contact-top\">\n<div class=\"contact-top-left\">\n<div class=\"contact-box-address\">\n<h3>Tr\u1ee5 s\u1edf ch\u00ednh:<\/h3>\n<p>Address: <span data-sheets-root=\"1\">12 Yen Bai 1 st., Pho Hue w., Hai Ba Trung dist., Hanoi, Vietnam<\/span><\/p>\n<p>Email: <a href=\"mailto:sales01@getrik.com\" target=\"_blank\" rel=\"noopener\">sales01@getrik.com<\/a><\/p>\n<p>\u0110i\u1ec7n tho\u1ea1i: <a href=\"tel:0971286619\" target=\"_blank\" rel=\"noopener\">0971286619<\/a><\/p>\n<p>Qu\u00fd kh\u00e1ch h\u00e0ng c\u00f3 th\u1ec3 nh\u1eadp th\u00f4ng tin y\u00eau c\u1ea7u v\u00e0o form li\u00ean h\u1ec7.<\/p>\n<p>Ch\u00fang t\u00f4i s\u1ebd li\u00ean h\u1ec7 v\u1edbi b\u1ea1n s\u1edbm nh\u1ea5t.<\/p>\n<\/div>\n<\/div>\n<div class=\"contact-top-form\">\n<div class=\"wpcf7 no-js\" id=\"wpcf7-f601-o1\" lang=\"vi\" dir=\"ltr\" data-wpcf7-id=\"601\">\n<div class=\"screen-reader-response\"><p role=\"status\" aria-live=\"polite\" aria-atomic=\"true\"><\/p> <ul><\/ul><\/div>\n<form action=\"\/en\/wp-json\/wp\/v2\/pages\/597#wpcf7-f601-o1\" method=\"post\" class=\"wpcf7-form init\" aria-label=\"Form li\u00ean h\u1ec7\" novalidate=\"novalidate\" data-status=\"init\" data-trp-original-action=\"\/en\/wp-json\/wp\/v2\/pages\/597#wpcf7-f601-o1\">\n<div style=\"display: none;\">\n<input type=\"hidden\" name=\"_wpcf7\" value=\"601\" \/>\n<input type=\"hidden\" name=\"_wpcf7_version\" value=\"6.0.1\" \/>\n<input type=\"hidden\" name=\"_wpcf7_locale\" value=\"vi\" \/>\n<input type=\"hidden\" name=\"_wpcf7_unit_tag\" value=\"wpcf7-f601-o1\" \/>\n<input type=\"hidden\" name=\"_wpcf7_container_post\" value=\"0\" \/>\n<input type=\"hidden\" name=\"_wpcf7_posted_data_hash\" value=\"\" \/>\n<\/div>\n<h2>G\u1eedi li\u00ean h\u1ec7\n<\/h2>\n<div class=\"input-box\">\n\t<p><span class=\"wpcf7-form-control-wrap\" data-name=\"yourname\"><input size=\"40\" maxlength=\"400\" class=\"wpcf7-form-control wpcf7-text wpcf7-validates-as-required\" aria-required=\"true\" aria-invalid=\"false\" placeholder=\"H\u1ecd v\u00e0 t\u00ean\" value=\"\" type=\"text\" name=\"yourname\" \/><\/span>\n\t<\/p>\n<\/div>\n<div class=\"input-box\">\n\t<p><span class=\"wpcf7-form-control-wrap\" data-name=\"youremail\"><input size=\"40\" maxlength=\"400\" class=\"wpcf7-form-control wpcf7-email wpcf7-validates-as-required wpcf7-text wpcf7-validates-as-email\" aria-required=\"true\" aria-invalid=\"false\" placeholder=\"\u0110\u1ecba ch\u1ec9 email\" value=\"\" type=\"email\" name=\"youremail\" \/><\/span>\n\t<\/p>\n<\/div>\n<div class=\"input-box\">\n\t<p><span class=\"wpcf7-form-control-wrap\" data-name=\"yourphone\"><input size=\"40\" maxlength=\"400\" class=\"wpcf7-form-control wpcf7-tel wpcf7-validates-as-required wpcf7-text wpcf7-validates-as-tel\" aria-required=\"true\" aria-invalid=\"false\" placeholder=\"\u0110i\u1ec7n tho\u1ea1i\" value=\"\" type=\"tel\" name=\"yourphone\" \/><\/span>\n\t<\/p>\n<\/div>\n<div class=\"input-box\">\n\t<p><span class=\"wpcf7-form-control-wrap\" data-name=\"yourenquiry\"><textarea cols=\"40\" rows=\"10\" maxlength=\"2000\" class=\"wpcf7-form-control wpcf7-textarea\" aria-invalid=\"false\" placeholder=\"Y\u00eau c\u1ea7u c\u1ee7a b\u1ea1n\" name=\"yourenquiry\"><\/textarea><\/span>\n\t<\/p>\n<\/div>\n<div class=\"input-box input-box-submit\">\n\t<p><input class=\"wpcf7-form-control wpcf7-submit has-spinner\" type=\"submit\" value=\"G\u1eedi y\u00eau c\u1ea7u\" \/>\n\t<\/p>\n<\/div><div class=\"wpcf7-response-output\" aria-hidden=\"true\"><\/div>\n<input type=\"hidden\" name=\"trp-form-language\" value=\"en\"\/><\/form>\n<\/div>\n<\/div>\n<\/div>\n<div class=\"contact-maps\"><iframe loading=\"lazy\" style=\"border: 0;\" src=\"https:\/\/www.google.com\/maps\/embed?pb=!1m18!1m12!1m3!1d3724.5484309250774!2d105.84963871143592!3d21.01073098055332!2m3!1f0!2f0!3f0!3m2!1i1024!2i768!4f13.1!3m3!1m2!1s0x3135ab8b2c34aea1%3A0x84fe7f0e2608836e!2zMTIgUC4gWcOqbiBCw6FpIDEsIFBo4buRIEh14bq_LCBIYWkgQsOgIFRyxrBuZywgSMOgIE7hu5lpLCBWaWV0bmFt!5e0!3m2!1sen!2s!4v1731985570402!5m2!1sen!2s\" width=\"600\" height=\"450\" allowfullscreen=\"allowfullscreen\"><\/iframe><\/div>\n<\/div>","protected":false},"excerpt":{"rendered":"<p>Tr\u1ee5 s\u1edf ch\u00ednh: \u0110\u1ecba ch\u1ec9: 12 Ph\u1ed1 Y\u00ean B\u00e1i 1, Ph\u01b0\u1eddng Ph\u1ed1 Hu\u1ebf, Qu\u1eadn Hai B\u00e0 Tr\u01b0ng, Th\u00e0nh ph\u1ed1 H\u00e0 N\u1ed9i Email: sales01@getrik.com \u0110i\u1ec7n tho\u1ea1i: [&hellip;]<\/p>","protected":false},"author":1,"featured_media":0,"parent":0,"menu_order":0,"comment_status":"closed","ping_status":"closed","template":"","meta":{"_acf_changed":false,"footnotes":""},"class_list":["post-597","page","type-page","status-publish","hentry"],"acf":[],"yoast_head":"<!-- This site is optimized with the Yoast SEO Premium plugin v19.1 (Yoast SEO v23.9) - https:\/\/yoast.com\/wordpress\/plugins\/seo\/ -->\n<title>Li\u00ean h\u1ec7 - Getrik.com<\/title>\n<meta name=\"robots\" content=\"index, follow, max-snippet:-1, max-image-preview:large, max-video-preview:-1\" \/>\n<link rel=\"canonical\" href=\"https:\/\/getrik.com\/en\/lien-he\/\" \/>\n<meta property=\"og:locale\" content=\"en_US\" \/>\n<meta property=\"og:type\" content=\"article\" \/>\n<meta property=\"og:title\" content=\"Li\u00ean h\u1ec7\" \/>\n<meta property=\"og:description\" content=\"Tr\u1ee5 s\u1edf ch\u00ednh: \u0110\u1ecba ch\u1ec9: 12 Ph\u1ed1 Y\u00ean B\u00e1i 1, Ph\u01b0\u1eddng Ph\u1ed1 Hu\u1ebf, Qu\u1eadn Hai B\u00e0 Tr\u01b0ng, Th\u00e0nh ph\u1ed1 H\u00e0 N\u1ed9i Email: sales01@getrik.com \u0110i\u1ec7n tho\u1ea1i: [&hellip;]\" \/>\n<meta property=\"og:url\" content=\"https:\/\/getrik.com\/en\/lien-he\/\" \/>\n<meta property=\"og:site_name\" content=\"Getrik.com\" \/>\n<meta property=\"article:modified_time\" content=\"2024-11-19T03:21:55+00:00\" \/>\n<meta name=\"twitter:card\" content=\"summary_large_image\" \/>\n<meta name=\"twitter:label1\" content=\"Est. reading time\" \/>\n\t<meta name=\"twitter:data1\" content=\"1 minute\" \/>\n<script type=\"application\/ld+json\" class=\"yoast-schema-graph\">{\"@context\":\"https:\/\/schema.org\",\"@graph\":[{\"@type\":\"WebPage\",\"@id\":\"https:\/\/getrik.com\/lien-he\/\",\"url\":\"https:\/\/getrik.com\/lien-he\/\",\"name\":\"Li\u00ean h\u1ec7 - Getrik.com\",\"isPartOf\":{\"@id\":\"https:\/\/getrik.com\/#website\"},\"datePublished\":\"2020-08-27T07:07:24+00:00\",\"dateModified\":\"2024-11-19T03:21:55+00:00\",\"breadcrumb\":{\"@id\":\"https:\/\/getrik.com\/lien-he\/#breadcrumb\"},\"inLanguage\":\"en-US\",\"potentialAction\":[{\"@type\":\"ReadAction\",\"target\":[\"https:\/\/getrik.com\/lien-he\/\"]}]},{\"@type\":\"BreadcrumbList\",\"@id\":\"https:\/\/getrik.com\/lien-he\/#breadcrumb\",\"itemListElement\":[{\"@type\":\"ListItem\",\"position\":1,\"name\":\"Trang ch\u1ee7\",\"item\":\"https:\/\/getrik.com\/\"},{\"@type\":\"ListItem\",\"position\":2,\"name\":\"Li\u00ean h\u1ec7\"}]},{\"@type\":\"WebSite\",\"@id\":\"https:\/\/getrik.com\/#website\",\"url\":\"https:\/\/getrik.com\/\",\"name\":\"Getrik.com\",\"description\":\"Nh\u00e0 Ph\u00e2n Ph\u1ed1i Ch\u00ednh H\u00e3ng \u0110\u1ed9ng C\u01a1 Moons, Ras Reducer &amp; Laymac Bowl Feeder. Ch\u00fang t\u00f4i t\u1ef1 h\u00e0o l\u00e0 nh\u00e0 ph\u00e2n ph\u1ed1i ch\u00ednh th\u1ee9c c\u00e1c s\u1ea3n ph\u1ea9m c\u00f4ng nghi\u1ec7p ch\u1ea5t l\u01b0\u1ee3ng cao t\u1eeb c\u00e1c th\u01b0\u01a1ng hi\u1ec7u n\u1ed5i ti\u1ebfng nh\u01b0 Moons, Ras Reducer v\u00e0 Laymac Bowl Feeder. V\u1edbi h\u01a1n [s\u1ed1 n\u0103m kinh nghi\u1ec7m], ch\u00fang t\u00f4i cung c\u1ea5p c\u00e1c gi\u1ea3i ph\u00e1p t\u1ed1i \u01b0u cho nhi\u1ec1u ng\u00e0nh c\u00f4ng nghi\u1ec7p nh\u01b0 t\u1ef1 \u0111\u1ed9ng h\u00f3a, s\u1ea3n xu\u1ea5t, ch\u1ebf t\u1ea1o, robot v\u00e0 h\u01a1n th\u1ebf n\u1eefa.\",\"publisher\":{\"@id\":\"https:\/\/getrik.com\/#organization\"},\"potentialAction\":[{\"@type\":\"SearchAction\",\"target\":{\"@type\":\"EntryPoint\",\"urlTemplate\":\"https:\/\/getrik.com\/?s={search_term_string}\"},\"query-input\":{\"@type\":\"PropertyValueSpecification\",\"valueRequired\":true,\"valueName\":\"search_term_string\"}}],\"inLanguage\":\"en-US\"},{\"@type\":\"Organization\",\"@id\":\"https:\/\/getrik.com\/#organization\",\"name\":\"Getrik.com\",\"url\":\"https:\/\/getrik.com\/\",\"logo\":{\"@type\":\"ImageObject\",\"inLanguage\":\"en-US\",\"@id\":\"https:\/\/getrik.com\/#\/schema\/logo\/image\/\",\"url\":\"https:\/\/getrik.com\/wp-content\/uploads\/2024\/11\/logo-ngang.png\",\"contentUrl\":\"https:\/\/getrik.com\/wp-content\/uploads\/2024\/11\/logo-ngang.png\",\"width\":800,\"height\":236,\"caption\":\"Getrik.com\"},\"image\":{\"@id\":\"https:\/\/getrik.com\/#\/schema\/logo\/image\/\"}}]}<\/script>\n<!-- \/ Yoast SEO Premium plugin. -->","yoast_head_json":{"title":"Li\u00ean h\u1ec7 - Getrik.com","robots":{"index":"index","follow":"follow","max-snippet":"max-snippet:-1","max-image-preview":"max-image-preview:large","max-video-preview":"max-video-preview:-1"},"canonical":"https:\/\/getrik.com\/en\/lien-he\/","og_locale":"en_US","og_type":"article","og_title":"Li\u00ean h\u1ec7","og_description":"Tr\u1ee5 s\u1edf ch\u00ednh: \u0110\u1ecba ch\u1ec9: 12 Ph\u1ed1 Y\u00ean B\u00e1i 1, Ph\u01b0\u1eddng Ph\u1ed1 Hu\u1ebf, Qu\u1eadn Hai B\u00e0 Tr\u01b0ng, Th\u00e0nh ph\u1ed1 H\u00e0 N\u1ed9i Email: sales01@getrik.com \u0110i\u1ec7n tho\u1ea1i: [&hellip;]","og_url":"https:\/\/getrik.com\/en\/lien-he\/","og_site_name":"Getrik.com","article_modified_time":"2024-11-19T03:21:55+00:00","twitter_card":"summary_large_image","twitter_misc":{"Est. reading time":"1 minute"},"schema":{"@context":"https:\/\/schema.org","@graph":[{"@type":"WebPage","@id":"https:\/\/getrik.com\/lien-he\/","url":"https:\/\/getrik.com\/lien-he\/","name":"Li\u00ean h\u1ec7 - Getrik.com","isPartOf":{"@id":"https:\/\/getrik.com\/#website"},"datePublished":"2020-08-27T07:07:24+00:00","dateModified":"2024-11-19T03:21:55+00:00","breadcrumb":{"@id":"https:\/\/getrik.com\/lien-he\/#breadcrumb"},"inLanguage":"en-US","potentialAction":[{"@type":"ReadAction","target":["https:\/\/getrik.com\/lien-he\/"]}]},{"@type":"BreadcrumbList","@id":"https:\/\/getrik.com\/lien-he\/#breadcrumb","itemListElement":[{"@type":"ListItem","position":1,"name":"Trang ch\u1ee7","item":"https:\/\/getrik.com\/"},{"@type":"ListItem","position":2,"name":"Li\u00ean h\u1ec7"}]},{"@type":"WebSite","@id":"https:\/\/getrik.com\/#website","url":"https:\/\/getrik.com\/","name":"Getrik.com","description":"Nh\u00e0 Ph\u00e2n Ph\u1ed1i Ch\u00ednh H\u00e3ng \u0110\u1ed9ng C\u01a1 Moons, Ras Reducer &amp; Laymac Bowl Feeder. Ch\u00fang t\u00f4i t\u1ef1 h\u00e0o l\u00e0 nh\u00e0 ph\u00e2n ph\u1ed1i ch\u00ednh th\u1ee9c c\u00e1c s\u1ea3n ph\u1ea9m c\u00f4ng nghi\u1ec7p ch\u1ea5t l\u01b0\u1ee3ng cao t\u1eeb c\u00e1c th\u01b0\u01a1ng hi\u1ec7u n\u1ed5i ti\u1ebfng nh\u01b0 Moons, Ras Reducer v\u00e0 Laymac Bowl Feeder. V\u1edbi h\u01a1n [s\u1ed1 n\u0103m kinh nghi\u1ec7m], ch\u00fang t\u00f4i cung c\u1ea5p c\u00e1c gi\u1ea3i ph\u00e1p t\u1ed1i \u01b0u cho nhi\u1ec1u ng\u00e0nh c\u00f4ng nghi\u1ec7p nh\u01b0 t\u1ef1 \u0111\u1ed9ng h\u00f3a, s\u1ea3n xu\u1ea5t, ch\u1ebf t\u1ea1o, robot v\u00e0 h\u01a1n th\u1ebf n\u1eefa.","publisher":{"@id":"https:\/\/getrik.com\/#organization"},"potentialAction":[{"@type":"SearchAction","target":{"@type":"EntryPoint","urlTemplate":"https:\/\/getrik.com\/?s={search_term_string}"},"query-input":{"@type":"PropertyValueSpecification","valueRequired":true,"valueName":"search_term_string"}}],"inLanguage":"en-US"},{"@type":"Organization","@id":"https:\/\/getrik.com\/#organization","name":"Getrik.com","url":"https:\/\/getrik.com\/","logo":{"@type":"ImageObject","inLanguage":"en-US","@id":"https:\/\/getrik.com\/#\/schema\/logo\/image\/","url":"https:\/\/getrik.com\/wp-content\/uploads\/2024\/11\/logo-ngang.png","contentUrl":"https:\/\/getrik.com\/wp-content\/uploads\/2024\/11\/logo-ngang.png","width":800,"height":236,"caption":"Getrik.com"},"image":{"@id":"https:\/\/getrik.com\/#\/schema\/logo\/image\/"}}]}},"_links":{"self":[{"href":"https:\/\/getrik.com\/en\/wp-json\/wp\/v2\/pages\/597","targetHints":{"allow":["GET"]}}],"collection":[{"href":"https:\/\/getrik.com\/en\/wp-json\/wp\/v2\/pages"}],"about":[{"href":"https:\/\/getrik.com\/en\/wp-json\/wp\/v2\/types\/page"}],"author":[{"embeddable":true,"href":"https:\/\/getrik.com\/en\/wp-json\/wp\/v2\/users\/1"}],"replies":[{"embeddable":true,"href":"https:\/\/getrik.com\/en\/wp-json\/wp\/v2\/comments?post=597"}],"version-history":[{"count":7,"href":"https:\/\/getrik.com\/en\/wp-json\/wp\/v2\/pages\/597\/revisions"}],"predecessor-version":[{"id":1314,"href":"https:\/\/getrik.com\/en\/wp-json\/wp\/v2\/pages\/597\/revisions\/1314"}],"wp:attachment":[{"href":"https:\/\/getrik.com\/en\/wp-json\/wp\/v2\/media?parent=597"}],"curies":[{"name":"wp","href":"https:\/\/api.w.org\/{rel}","templated":true}]}}